{"id":1502,"date":"2025-11-20T01:55:37","date_gmt":"2025-11-20T06:55:37","guid":{"rendered":"https:\/\/routesperu.com\/?post_type=product&#038;p=1502"},"modified":"2025-12-23T12:51:03","modified_gmt":"2025-12-23T17:51:03","slug":"full-day-paracas-islas-ballestas-reserva-nacional-grupal","status":"publish","type":"product","link":"https:\/\/routesperu.com\/en\/tour\/full-day-paracas-islas-ballestas-reserva-nacional-grupal\/","title":{"rendered":"Full Day Paracas \u2013 Islas Ballestas + Reserva Nacional (Grupal)"},"content":{"rendered":"<div class=\"info-toggle\">\n    <input type=\"checkbox\" id=\"toggle-descripcion\"><br \/>\n    <label for=\"toggle-descripcion\" class=\"info-titulo\">Description<\/label><\/p>\n<div class=\"info-contenido\">\n<p>Discover the best of Paracas on this 6-hour combined tour. Start with a boat ride to the Ballestas Islands to observe marine life, including sea lions and penguins, and admire El Candelabro. Then, explore the Paracas National Reserve by land, visiting stunning desert landscapes such as Red Beach, La Mina Beach, and the Istmo viewpoint.<\/p>\n<\/p><\/div>\n<\/div>\n<div class=\"info-toggle\">\n    <input type=\"checkbox\" id=\"toggle-itinerario\"><br \/>\n    <label for=\"toggle-itinerario\" class=\"info-titulo\">Itinerary<\/label><\/p>\n<div class=\"info-contenido\">\n<p>The day starts at 7:40 AM at the Infinity Routes Travel Peru office. At 8:00 AM, board a speedboat for the Ballestas Islands tour, where you will see El Candelabro and marine wildlife (sea lions, Humboldt penguins, guano birds). Return to the pier at 10:00 AM for free time. At 10:55 AM, the group meets for the Paracas National Reserve tour (11:10 AM). The land tour includes views from the Istmo, a stop at Red Beach, time at La Mina Beach, and a final visit to Lagunilla, before returning at 3:10 PM.<\/p>\n<\/p><\/div>\n<\/div>\n<div class=\"info-toggle\">\n    <input type=\"checkbox\" id=\"toggle-precios\"><br \/>\n    <label for=\"toggle-precios\" class=\"info-titulo\">Prices<\/label><\/p>\n<div class=\"info-contenido\">\n<ul>\n<li><strong>Price per person<\/strong> $25 USD \/ S\/. 90<\/li>\n<li><strong>Duration<\/strong> 6 hours<\/li>\n<\/ul><\/div>\n<\/div>","protected":false},"excerpt":{"rendered":"<div class=\"informacion-importante-wrapper\">\n<div class=\"titulo-wrapper\">\n<h2>Important information<\/h2>\n<\/p><\/div>\n<p>    <!-- TOGGLE 1 --><\/p>\n<div class=\"info-toggle\">\n        <input type=\"checkbox\" id=\"toggle-1\"><br \/>\n        <label for=\"toggle-1\" class=\"info-titulo\">What\u2019s Included?<\/label><\/p>\n<div class=\"info-contenido\">\n<ul>\n<li>Ballestas Islands Tour (speedboat).<\/li>\n<li>Paracas National Reserve Tour (shared ground transportation).<\/li>\n<li>Bilingual guide (Spanish \u2013 English).<\/li>\n<li>Life jacket (for the islands tour).<\/li>\n<li>Personalized assistance.<\/li>\n<li>Shared service.<\/li>\n<\/ul><\/div>\n<\/p><\/div>\n<p>    <!-- TOGGLE 2 --><\/p>\n<div class=\"info-toggle\">\n        <input type=\"checkbox\" id=\"toggle-2\"><br \/>\n        <label for=\"toggle-2\" class=\"info-titulo\">Not Included<\/label><\/p>\n<div class=\"info-contenido\">\n<ul>\n<li>Meals or extra expenses.<\/li>\n<li>SERNANP Entrance Fee:Adult: S\/.22 (17 years and older), Child: S\/.8 (ages 6 to 16)<\/li>\n<\/ul><\/div>\n<\/p><\/div>\n<p>    <!-- TOGGLE 3 --><\/p>\n<div class=\"info-toggle\">\n        <input type=\"checkbox\" id=\"toggle-3\"><br \/>\n        <label for=\"toggle-3\" class=\"info-titulo\">What to Bring<\/label><\/p>\n<div class=\"info-contenido\">\n<ul>\n<li>Windbreaker jacket (very important for the boat).<\/li>\n<li>Hat or cap.<\/li>\n<li>Sunscreen.<\/li>\n<li>Swimsuit and towel (for La Mina Beach).<\/li>\n<li>Sunglasses<\/li>\n<li>Hydrating beverages.<\/li>\n<li>Sneakers<\/li>\n<li>Camera<\/li>\n<li>Warm clothing (especially in winter)<\/li>\n<\/ul><\/div>\n<\/p><\/div>\n<p>    <!-- TOGGLE 4 --><\/p>\n<div class=\"info-toggle\">\n        <input type=\"checkbox\" id=\"toggle-4\"><br \/>\n        <label for=\"toggle-4\" class=\"info-titulo\">Notes and Recommendations<\/label><\/p>\n<div class=\"info-contenido\">\n<ul>\n<li>Restricci\u00f3n: No se permite beb\u00e9s menores de 1 a\u00f1o en el tour.<\/li>\n<li>Clima: El servicio puede variar debido a factores climatol\u00f3gicos (cierre de puerto, vientos fuertes, marea alta).<\/li>\n<li>Holiday Seasons: During Holy Week and Independence Day holidays, the tour may end 30 minutes earlier than scheduled.<\/li>\n<\/ul><\/div>\n<\/p><\/div>\n<p>    <!-- TOGGLE 5 --><\/p>\n<div class=\"info-toggle\">\n        <input type=\"checkbox\" id=\"toggle-5\"><br \/>\n        <label for=\"toggle-5\" class=\"info-titulo\">How to Book<\/label><\/p>\n<div class=\"info-contenido\">\n<p>Book through the website using Open Pay or PayPal, or request a payment link via WhatsApp. <a href=\"https:\/\/wa.me\/51924785030\" target=\"_blank\"><strong>+51 924 785 030<\/strong><\/a>.<\/p>\n<\/p><\/div>\n<\/p><\/div>\n<p>    <!-- TOGGLE 6 --><\/p>\n<div class=\"info-toggle\">\n        <input type=\"checkbox\" id=\"toggle-6\"><br \/>\n        <label for=\"toggle-6\" class=\"info-titulo\">Terms and Conditions<\/label><\/p>\n<div class=\"info-contenido\">\n<ul>\n<li>Restrictions: Babies under 1 year old are not allowed.<\/li>\n<li>Weather Conditions: The service may vary due to strong winds or other factors. An alternative tour will be offered, prioritizing safety.<\/li>\n<\/ul>\n<p><a href=\"https:\/\/routesperu.com\/en\/terminos-y-condiciones\/\" target=\"_blank\">See more information<\/a><\/p>\n<\/p><\/div>\n<\/p><\/div>\n<\/div>","protected":false},"featured_media":383,"comment_status":"open","ping_status":"closed","template":"","meta":{"_et_pb_use_builder":"","_et_pb_old_content":"","_et_gb_content_width":""},"product_brand":[],"product_cat":[19],"product_tag":[],"class_list":{"0":"post-1502","1":"product","2":"type-product","3":"status-publish","4":"has-post-thumbnail","6":"product_cat-paracas","8":"first","9":"instock","10":"virtual","11":"sold-individually","12":"purchasable","13":"product-type-booking"},"_links":{"self":[{"href":"https:\/\/routesperu.com\/en\/wp-json\/wp\/v2\/product\/1502","targetHints":{"allow":["GET"]}}],"collection":[{"href":"https:\/\/routesperu.com\/en\/wp-json\/wp\/v2\/product"}],"about":[{"href":"https:\/\/routesperu.com\/en\/wp-json\/wp\/v2\/types\/product"}],"replies":[{"embeddable":true,"href":"https:\/\/routesperu.com\/en\/wp-json\/wp\/v2\/comments?post=1502"}],"wp:featuredmedia":[{"embeddable":true,"href":"https:\/\/routesperu.com\/en\/wp-json\/wp\/v2\/media\/383"}],"wp:attachment":[{"href":"https:\/\/routesperu.com\/en\/wp-json\/wp\/v2\/media?parent=1502"}],"wp:term":[{"taxonomy":"product_brand","embeddable":true,"href":"https:\/\/routesperu.com\/en\/wp-json\/wp\/v2\/product_brand?post=1502"},{"taxonomy":"product_cat","embeddable":true,"href":"https:\/\/routesperu.com\/en\/wp-json\/wp\/v2\/product_cat?post=1502"},{"taxonomy":"product_tag","embeddable":true,"href":"https:\/\/routesperu.com\/en\/wp-json\/wp\/v2\/product_tag?post=1502"}],"curies":[{"name":"wp","href":"https:\/\/api.w.org\/{rel}","templated":true}]}}