{"id":1513,"date":"2025-11-20T03:03:39","date_gmt":"2025-11-20T08:03:39","guid":{"rendered":"https:\/\/routesperu.com\/?post_type=product&#038;p=1513"},"modified":"2026-03-20T17:08:14","modified_gmt":"2026-03-20T22:08:14","slug":"tour-reserva-nacional-de-paracas-privado-4-personas","status":"publish","type":"product","link":"https:\/\/routesperu.com\/en\/tour\/tour-reserva-nacional-de-paracas-privado-4-personas\/","title":{"rendered":"Tour Reserva Nacional de Paracas (Privado \u2013 4 Personas)"},"content":{"rendered":"<div class=\"info-toggle\">\n    <input type=\"checkbox\" id=\"toggle-descripcion\"><br \/>\n    <label for=\"toggle-descripcion\" class=\"info-titulo\">Description<\/label><\/p>\n<div class=\"info-contenido\">\n<p>Disfruta de la Reserva Nacional de Paracas con total comodidad y flexibilidad en este tour privado de 2 horas. Con un horario a tu elecci\u00f3n y un conductor\/gu\u00eda dedicado para tu grupo, visitar\u00e1s los puntos m\u00e1s emblem\u00e1ticos de la pen\u00ednsula.<\/p>\n<\/p><\/div>\n<\/div>\n<div class=\"info-toggle\">\n    <input type=\"checkbox\" id=\"toggle-itinerario\"><br \/>\n    <label for=\"toggle-itinerario\" class=\"info-titulo\">Itinerary<\/label><\/p>\n<div class=\"info-contenido\">\n<p>The start time is flexible and coordinated directly with the passenger. Tour by private vehicle:<\/p>\n<ul>\n<li>La Catedral (or Playa Supay viewpoint)<\/li>\n<li>Playa Yumaque<\/li>\n<li>Istmo viewpoint (panoramic views)<\/li>\n<li>Playa Roja<\/li>\n<li>Turritelas ( fosiles de caracoles )<\/li>\n<\/ul><\/div>\n<\/div>\n<div class=\"info-toggle\">\n    <input type=\"checkbox\" id=\"toggle-precios\"><br \/>\n    <label for=\"toggle-precios\" class=\"info-titulo\">Prices<\/label><\/p>\n<div class=\"info-contenido\">\n<ul>\n<li><strong>Price for 4 people:<\/strong> $70 USD \/ S\/.240<\/li>\n<\/ul><\/div>\n<\/div>","protected":false},"excerpt":{"rendered":"<div class=\"informacion-importante-wrapper\">\n<div class=\"titulo-wrapper\">\n<h2>Important information<\/h2>\n<\/p><\/div>\n<div class=\"info-toggle\">\n        <input type=\"checkbox\" id=\"toggle-1\"><br \/>\n        <label for=\"toggle-1\" class=\"info-titulo\">What\u2019s Included?<\/label><\/p>\n<div class=\"info-contenido\">\n<ul>\n<li>Guide (Spanish)<\/li>\n<li>Personalized assistance.<\/li>\n<li>Private transportation<\/li>\n<\/ul><\/div>\n<\/p><\/div>\n<div class=\"info-toggle\">\n        <input type=\"checkbox\" id=\"toggle-2\"><br \/>\n        <label for=\"toggle-2\" class=\"info-titulo\">Not Included<\/label><\/p>\n<div class=\"info-contenido\">\n<ul>\n<li>Meals<\/li>\n<li>Extras<\/li>\n<li>Entrance fee (SERNANP + El Chaco): Adult S\/.11 \/ Child S\/.3<\/li>\n<\/ul><\/div>\n<\/p><\/div>\n<div class=\"info-toggle\">\n        <input type=\"checkbox\" id=\"toggle-3\"><br \/>\n        <label for=\"toggle-3\" class=\"info-titulo\">What to Bring<\/label><\/p>\n<div class=\"info-contenido\">\n<ul>\n<li>Windbreaker jacket<\/li>\n<li>Cap<\/li>\n<li>Sunscreen.<\/li>\n<li>Binoculars<\/li>\n<li>Sunglasses<\/li>\n<li>Hydrating beverages.<\/li>\n<li>Sneakers (comfortable shoes)<\/li>\n<li>Camera<\/li>\n<li>(Optional: Swimwear and towel for Playa La Mina)<\/li>\n<\/ul><\/div>\n<\/p><\/div>\n<div class=\"info-toggle\">\n        <input type=\"checkbox\" id=\"toggle-4\"><br \/>\n        <label for=\"toggle-4\" class=\"info-titulo\">Notes and Recommendations<\/label><\/p>\n<div class=\"info-contenido\">\n<ul>\n<li>Tour Privado: Exclusivo para su grupo (m\u00e1ximo 4 personas) y permite flexibilidad en los tiempos de parada (dentro de las 2 horas).<\/li>\n<li>Flexible Schedule: Coordinated according to the client\u2019s preference.<\/li>\n<li>Holidays: During Holy Week and National Holidays, the tour may end 30 minutes earlier.<\/li>\n<\/ul><\/div>\n<\/p><\/div>\n<div class=\"info-toggle\">\n        <input type=\"checkbox\" id=\"toggle-5\"><br \/>\n        <label for=\"toggle-5\" class=\"info-titulo\">How to Book<\/label><\/p>\n<div class=\"info-contenido\">\n<p>Book through the website using Open Pay or PayPal, or request a payment link via WhatsApp. <a href=\"https:\/\/wa.me\/51924785030\" target=\"_blank\"><strong>+51 924 785 030<\/strong><\/a>.<\/p>\n<\/p><\/div>\n<\/p><\/div>\n<div class=\"info-toggle\">\n        <input type=\"checkbox\" id=\"toggle-6\"><br \/>\n        <label for=\"toggle-6\" class=\"info-titulo\">Terms and Conditions<\/label><\/p>\n<div class=\"info-contenido\">\n<ul>\n<li><strong>Restrictions:<\/strong> Babies under 3 years are not allowed.<\/li>\n<li><strong>Weather Conditions:<\/strong> The service may vary due to weather factors (strong winds, etc.). An alternative tour will be offered prioritizing passenger safety.<\/li>\n<\/ul>\n<p><a href=\"https:\/\/routesperu.com\/en\/terminos-y-condiciones\/\" target=\"_blank\">See more information<\/a><\/p>\n<\/p><\/div>\n<\/p><\/div>\n<\/div>","protected":false},"featured_media":239,"comment_status":"open","ping_status":"closed","template":"","meta":{"_et_pb_use_builder":"","_et_pb_old_content":"","_et_gb_content_width":""},"product_brand":[],"product_cat":[19],"product_tag":[],"class_list":{"0":"post-1513","1":"product","2":"type-product","3":"status-publish","4":"has-post-thumbnail","6":"product_cat-paracas","8":"first","9":"instock","10":"virtual","11":"sold-individually","12":"purchasable","13":"product-type-booking"},"_links":{"self":[{"href":"https:\/\/routesperu.com\/en\/wp-json\/wp\/v2\/product\/1513","targetHints":{"allow":["GET"]}}],"collection":[{"href":"https:\/\/routesperu.com\/en\/wp-json\/wp\/v2\/product"}],"about":[{"href":"https:\/\/routesperu.com\/en\/wp-json\/wp\/v2\/types\/product"}],"replies":[{"embeddable":true,"href":"https:\/\/routesperu.com\/en\/wp-json\/wp\/v2\/comments?post=1513"}],"wp:featuredmedia":[{"embeddable":true,"href":"https:\/\/routesperu.com\/en\/wp-json\/wp\/v2\/media\/239"}],"wp:attachment":[{"href":"https:\/\/routesperu.com\/en\/wp-json\/wp\/v2\/media?parent=1513"}],"wp:term":[{"taxonomy":"product_brand","embeddable":true,"href":"https:\/\/routesperu.com\/en\/wp-json\/wp\/v2\/product_brand?post=1513"},{"taxonomy":"product_cat","embeddable":true,"href":"https:\/\/routesperu.com\/en\/wp-json\/wp\/v2\/product_cat?post=1513"},{"taxonomy":"product_tag","embeddable":true,"href":"https:\/\/routesperu.com\/en\/wp-json\/wp\/v2\/product_tag?post=1513"}],"curies":[{"name":"wp","href":"https:\/\/api.w.org\/{rel}","templated":true}]}}