{"id":2179,"date":"2025-12-23T09:48:26","date_gmt":"2025-12-23T14:48:26","guid":{"rendered":"https:\/\/routesperu.com\/?post_type=product&#038;p=2179"},"modified":"2025-12-23T10:32:59","modified_gmt":"2025-12-23T15:32:59","slug":"tour-pisco-tambo-colorado-laguna-moron-malecon-pisco","status":"publish","type":"product","link":"https:\/\/routesperu.com\/en\/tour\/tour-pisco-tambo-colorado-laguna-moron-malecon-pisco\/","title":{"rendered":"Tour Pisco | Tambo Colorado + Laguna Moron + Malec\u00f3n Pisco"},"content":{"rendered":"<div class=\"info-toggle\">\n    <input type=\"checkbox\" id=\"toggle-descripcion\"><br \/>\n    <label for=\"toggle-descripcion\" class=\"info-titulo\">Description<\/label><\/p>\n<div class=\"info-contenido\">\n<p>Experience the thrill of the Huacachina dunes aboard a state-of-the-art UTV. In this 1-hour tour, a professional driver will take you on an exciting route with stops to try sandboarding (optional) and enjoy panoramic views of the Huacachina oasis.<\/p>\n<\/p><\/div>\n<\/div>\n<div class=\"info-toggle\">\n    <input type=\"checkbox\" id=\"toggle-itinerario\"><br \/>\n    <label for=\"toggle-itinerario\" class=\"info-titulo\">Itinerary<\/label><\/p>\n<div class=\"info-contenido\">\n<p>The tour departs from the office at the entrance of Huacachina. You will board the UTV with a professional driver and make two stops:<\/p>\n<ul>\n<li>Stop 1: Time to practice sandboarding (optional) and take photos.<\/li>\n<li>Stop 2: Panoramic viewpoint of the Huacachina oasis.<\/li>\n<\/ul>\n<p>Finally, return to the office in Huacachina.<\/p>\n<\/p><\/div>\n<\/div>\n<div class=\"info-toggle\">\n    <input type=\"checkbox\" id=\"toggle-precios\"><br \/>\n    <label for=\"toggle-precios\" class=\"info-titulo\">Prices<\/label><\/p>\n<div class=\"info-contenido\">\n<ul>\n<li><strong>Price per UTV:<\/strong> $140 USD \/ S\/.450<\/li>\n<\/ul><\/div>\n<\/div>","protected":false},"excerpt":{"rendered":"<div class=\"informacion-importante-wrapper\">\n<div class=\"titulo-wrapper\">\n<h2>Important information<\/h2>\n<\/p><\/div>\n<div class=\"info-toggle\">\n        <input type=\"checkbox\" id=\"toggle-1\"><br \/>\n        <label for=\"toggle-1\" class=\"info-titulo\">What\u2019s Included?<\/label><\/p>\n<div class=\"info-contenido\">\n<ul>\n<li>Visita a las Ruinas de Tambo Colorado.<\/li>\n<li>Visita a la Laguna Mor\u00f3n.<\/li>\n<li>Parada en el Cerro Viruela.<\/li>\n<li>Recorrido por la Plaza de Armas de Pisco y playa San Andr\u00e9s.<\/li>\n<li>Spanish-speaking guide.<\/li>\n<li>Personalized assistance.<\/li>\n<li>Recojo en su alojamiento (transporte privado).<\/li>\n<\/ul><\/div>\n<\/p><\/div>\n<div class=\"info-toggle\">\n        <input type=\"checkbox\" id=\"toggle-2\"><br \/>\n        <label for=\"toggle-2\" class=\"info-titulo\">Not Included<\/label><\/p>\n<div class=\"info-contenido\">\n<ul>\n<li>Entrance fees and tourist taxes.<\/li>\n<li>Meals<\/li>\n<li>Actividades opcionales en la laguna (kayak, sandboard).<\/li>\n<li>Extra services.<\/li>\n<\/ul><\/div>\n<\/p><\/div>\n<div class=\"info-toggle\">\n        <input type=\"checkbox\" id=\"toggle-3\"><br \/>\n        <label for=\"toggle-3\" class=\"info-titulo\">What to Bring<\/label><\/p>\n<div class=\"info-contenido\">\n<ul>\n<li>Windbreaker jacket.<\/li>\n<li>Hat<\/li>\n<li>Sunscreen<\/li>\n<li>Binoculares y Lentes Oscuros.<\/li>\n<li>Hydrating beverages.<\/li>\n<li>Sneakers<\/li>\n<li>Camera<\/li>\n<li>(Opcional) Ropa de ba\u00f1o y toalla para la laguna.<\/li>\n<\/ul><\/div>\n<\/p><\/div>\n<div class=\"info-toggle\">\n        <input type=\"checkbox\" id=\"toggle-4\"><br \/>\n        <label for=\"toggle-4\" class=\"info-titulo\">Notes and Recommendations<\/label><\/p>\n<div class=\"info-contenido\">\n<ul>\n<li><strong>Fechas Festivas:<\/strong> Durante Semana Santa y Fiestas Patrias, el tour podr\u00eda terminar 30 minutos antes de lo programado.<\/li>\n<li><strong>Actividades Opcionales:<\/strong> El alquiler de kayaks, botes o la pr\u00e1ctica de sandboard en la Laguna Mor\u00f3n tienen un costo adicional.<\/li>\n<\/ul><\/div>\n<\/p><\/div>\n<div class=\"info-toggle\">\n        <input type=\"checkbox\" id=\"toggle-5\"><br \/>\n        <label for=\"toggle-5\" class=\"info-titulo\">How to Book<\/label><\/p>\n<div class=\"info-contenido\">\n<p>Se puede realizar la reserva por nuestra p\u00e1gina web (Open Pay o PayPal). Tambi\u00e9n puedes solicitar un link de pago o mayor informaci\u00f3n a nuestro WhatsApp <a href=\"https:\/\/wa.me\/51924785030\" target=\"_blank\"><strong>+51 924 785 030<\/strong><\/a>.<\/p>\n<\/p><\/div>\n<\/p><\/div>\n<div class=\"info-toggle\">\n        <input type=\"checkbox\" id=\"toggle-6\"><br \/>\n        <label for=\"toggle-6\" class=\"info-titulo\">Terms and Conditions<\/label><\/p>\n<div class=\"info-contenido\">\n<ul>\n<li><strong>Restrictions:<\/strong> El operador no permite beb\u00e9s menores de 7 a\u00f1os en el tour por razones de seguridad.<\/li>\n<li><strong>Weather Conditions:<\/strong> El servicio puede variar sin previo aviso debido a factores climatol\u00f3gicos (vientos fuertes, etc.). Se ofrecer\u00e1 tour alternativo priorizando la seguridad.<\/li>\n<\/ul>\n<p><a href=\"https:\/\/routesperu.com\/en\/terminos-y-condiciones\/\" target=\"_blank\">See more information<\/a><\/p>\n<\/p><\/div>\n<\/p><\/div>\n<\/div>","protected":false},"featured_media":2181,"comment_status":"open","ping_status":"closed","template":"","meta":{"_et_pb_use_builder":"","_et_pb_old_content":"","_et_gb_content_width":""},"product_brand":[],"product_cat":[19],"product_tag":[],"class_list":{"0":"post-2179","1":"product","2":"type-product","3":"status-publish","4":"has-post-thumbnail","6":"product_cat-paracas","8":"first","9":"instock","10":"virtual","11":"sold-individually","12":"purchasable","13":"product-type-booking"},"_links":{"self":[{"href":"https:\/\/routesperu.com\/en\/wp-json\/wp\/v2\/product\/2179","targetHints":{"allow":["GET"]}}],"collection":[{"href":"https:\/\/routesperu.com\/en\/wp-json\/wp\/v2\/product"}],"about":[{"href":"https:\/\/routesperu.com\/en\/wp-json\/wp\/v2\/types\/product"}],"replies":[{"embeddable":true,"href":"https:\/\/routesperu.com\/en\/wp-json\/wp\/v2\/comments?post=2179"}],"wp:featuredmedia":[{"embeddable":true,"href":"https:\/\/routesperu.com\/en\/wp-json\/wp\/v2\/media\/2181"}],"wp:attachment":[{"href":"https:\/\/routesperu.com\/en\/wp-json\/wp\/v2\/media?parent=2179"}],"wp:term":[{"taxonomy":"product_brand","embeddable":true,"href":"https:\/\/routesperu.com\/en\/wp-json\/wp\/v2\/product_brand?post=2179"},{"taxonomy":"product_cat","embeddable":true,"href":"https:\/\/routesperu.com\/en\/wp-json\/wp\/v2\/product_cat?post=2179"},{"taxonomy":"product_tag","embeddable":true,"href":"https:\/\/routesperu.com\/en\/wp-json\/wp\/v2\/product_tag?post=2179"}],"curies":[{"name":"wp","href":"https:\/\/api.w.org\/{rel}","templated":true}]}}